{"id":720,"date":"2025-08-14T14:41:18","date_gmt":"2025-08-14T12:41:18","guid":{"rendered":"https:\/\/line-fire.de\/?page_id=720"},"modified":"2025-08-18T12:47:18","modified_gmt":"2025-08-18T10:47:18","slug":"datenschutz","status":"publish","type":"page","link":"https:\/\/line-fire.de\/?page_id=720","title":{"rendered":"Datenschutz"},"content":{"rendered":"<div class=\"style-1044 style-local-720-c1 position-relative\" data-colibri-id=\"720-c1\">\n<div id=\"custom\" class=\"h-section h-section-global-spacing d-flex align-items-lg-center align-items-md-center align-items-center style-1049 style-local-720-c2 position-relative\" data-colibri-component=\"section\" data-colibri-id=\"720-c2\">\n<div class=\"h-section-grid-container h-section-boxed-container\">\n<div class=\"h-row-container gutters-row-lg-2 gutters-row-md-2 gutters-row-0 gutters-row-v-lg-2 gutters-row-v-md-2 gutters-row-v-2 style-1050 style-local-720-c3 position-relative\" data-colibri-id=\"720-c3\">\n<div class=\"h-row justify-content-lg-center justify-content-md-center justify-content-center align-items-lg-stretch align-items-md-stretch align-items-stretch gutters-col-lg-2 gutters-col-md-2 gutters-col-0 gutters-col-v-lg-2 gutters-col-v-md-2 gutters-col-v-2\">\n<div class=\"h-column h-column-container d-flex h-col-lg-auto h-col-md-auto h-col-auto style-1051-outer style-local-720-c4-outer\">\n<div class=\"d-flex h-flex-basis h-column__inner h-px-lg-2 h-px-md-2 h-px-2 v-inner-lg-2 v-inner-md-2 v-inner-2 style-1051 style-local-720-c4 position-relative\" data-colibri-id=\"720-c4\">\n<div class=\"w-100 h-y-container h-column__content h-column__v-align flex-basis-100 align-self-lg-start align-self-md-start align-self-start\">\n<div class=\"h-global-transition-all h-heading style-1057 style-local-720-c5 position-relative h-element\" data-colibri-id=\"720-c5\">\n<div class=\"h-heading__outer style-1057 style-local-720-c5\">\n<h3 class=\"\"><span style=\"color: #ffffff; font-weight: 600;\">Datenschutzerkl\u00e4rung<\/span><\/h3>\n<\/div>\n<\/div>\n<div class=\"h-text h-text-component style-1058 style-local-720-c8 position-relative h-element\" data-colibri-id=\"720-c8\">\n<div class=\"\">\n<h4><\/h4>\n<h4>Wer wir sind<\/h4>\nDie Adresse unserer Website ist: https:\/\/line-fire.de.\n<h4>Kommentare &amp; Member<\/h4>\nWenn Besucher Kommentare auf der Website schreiben oder sich als Member registrieren, sammeln wir die Daten, die im Kommentar-Formular angezeigt werden, au\u00dferdem die IP-Adresse des Besuchers und den User-Agent-String (damit wird der Browser identifiziert), um die Erkennung\n\nvon Spam zu unterst\u00fctzen.\n\nAus deiner E-Mail-Adresse kann eine anonymisierte Zeichenfolge erstellt (auch Hash genannt) und dem Gravatar-Dienst \u00fcbergeben werden, um zu pr\u00fcfen, ob du diesen benutzt. Die Datenschutzerkl\u00e4rung des Gravatar-Dienstes findest du hier:\n\nhttps:\/\/automattic.com\/privacy\/. Nachdem dein Kommentar freigegeben wurde, ist dein Profilbild \u00f6ffentlich im Kontext deines Kommentars sichtbar.\n<h4>Medien<\/h4>\nWenn du ein registrierter Benutzer bist und Fotos auf diese Website l\u00e4dst, solltest du vermeiden, Fotos mit einem EXIF-GPS-Standort hochzuladen. Besucher dieser Website k\u00f6nnten Fotos, die auf dieser Website gespeichert sind, herunterladen\n\nund deren Standort-Informationen extrahieren.\n<h4>Cookies<\/h4>\nWenn du einen Kommentar auf unserer Website schreibst, kann das eine Einwilligung sein, deinen Namen, E-Mail-Adresse und Website in Cookies zu speichern. Dies ist eine Komfortfunktion, damit du nicht, wenn du einen weiteren Kommentar\n\nschreibst, all diese Daten erneut eingeben musst. Diese Cookies werden ein Jahr lang gespeichert.\n\nFalls du ein Konto hast und dich auf dieser Website anmeldest, werden wir ein tempor\u00e4res Cookie setzen, um festzustellen, ob dein Browser Cookies akzeptiert. Dieses Cookie enth\u00e4lt keine personenbezogenen Daten und wird verworfen, wenn\n\ndu deinen Browser schlie\u00dft.\n\nWenn du dich anmeldest, werden wir einige Cookies einrichten, um deine Anmeldeinformationen und Anzeigeoptionen zu speichern. Anmelde-Cookies verfallen nach zwei Tagen und Cookies f\u00fcr die Anzeigeoptionen nach einem Jahr. Falls du bei\n\nder Anmeldung \u201eAngemeldet bleiben\u201c ausw\u00e4hlst, wird deine Anmeldung zwei Wochen lang aufrechterhalten. Mit der Abmeldung aus deinem Konto werden die Anmelde-Cookies gel\u00f6scht.\n\nWenn du einen Artikel bearbeitest oder ver\u00f6ffentlichst, wird ein zus\u00e4tzlicher Cookie in deinem Browser gespeichert. Dieser Cookie enth\u00e4lt keine personenbezogenen Daten und verweist nur auf die Beitrags-ID des Artikels, den du gerade\n\nbearbeitet hast. Der Cookie verf\u00e4llt nach einem Tag.\n<h4>Eingebettete Inhalte von anderen Websites<\/h4>\nBeitr\u00e4ge auf dieser Website k\u00f6nnen eingebettete Inhalte beinhalten (z.\u00a0B. Videos, Bilder, Beitr\u00e4ge etc.). Eingebettete Inhalte von anderen Websites verhalten sich exakt so, als ob der Besucher die andere Website besucht h\u00e4tte.\n\nDiese Websites k\u00f6nnen Daten \u00fcber dich sammeln, Cookies benutzen, zus\u00e4tzliche Tracking-Dienste von Dritten einbetten und deine Interaktion mit diesem eingebetteten Inhalt aufzeichnen, inklusive deiner Interaktion mit dem eingebetteten\n\nInhalt, falls du ein Konto hast und auf dieser Website angemeldet bist.\n<h4>Mit wem wir deine Daten teilen<\/h4>\nWenn du eine Zur\u00fccksetzung des Passworts beantragst, wird deine IP-Adresse in der E-Mail zur Zur\u00fccksetzung enthalten sein.\n<h4>Wie lange wir deine Daten speichern<\/h4>\nWenn du einen Kommentar schreibst, wird dieser inklusive Metadaten zeitlich unbegrenzt gespeichert. Auf diese Art k\u00f6nnen wir Folgekommentare automatisch erkennen und freigeben, anstatt sie in einer Moderations-Warteschlange festzuhalten.\n\nF\u00fcr Benutzer, die sich auf unserer Website registrieren, speichern wir zus\u00e4tzlich die pers\u00f6nlichen Informationen, die sie in ihren Benutzerprofilen angeben. Alle Benutzer k\u00f6nnen jederzeit ihre pers\u00f6nlichen Informationen einsehen, ver\u00e4ndern\n\noder l\u00f6schen (der Benutzername kann nicht ver\u00e4ndert werden). Administratoren der Website k\u00f6nnen diese Informationen ebenfalls einsehen und ver\u00e4ndern.\n<h4>Welche Rechte du an deinen Daten hast<\/h4>\nWenn du ein Konto auf dieser Website besitzt oder Kommentare geschrieben hast, kannst du einen Export deiner personenbezogenen Daten bei uns anfordern, inklusive aller Daten, die du uns mitgeteilt hast. Dar\u00fcber hinaus kannst du die\n\nL\u00f6schung aller personenbezogenen Daten, die wir von dir gespeichert haben, anfordern. Dies umfasst nicht die Daten, die wir aufgrund administrativer, rechtlicher oder sicherheitsrelevanter Notwendigkeiten aufbewahren m\u00fcssen.\n<h4>Wohin deine Daten gesendet werden<\/h4>\nBesucher-Kommentare k\u00f6nnten von einem automatisierten Dienst zur Spam-Erkennung untersucht werden.\n\n<\/div>\n<\/div>\n<\/div>\n<\/div>\n<\/div>\n<div class=\"h-column h-column-container d-flex h-col-lg-auto h-col-md-auto h-col-auto style-1052-outer style-local-720-c6-outer\">\n<div class=\"d-flex h-flex-basis h-column__inner h-px-lg-2 h-px-md-2 h-px-2 v-inner-lg-2 v-inner-md-2 v-inner-2 style-1052 style-local-720-c6 position-relative\" data-colibri-id=\"720-c6\">\n<div class=\"w-100 h-y-container h-column__content h-column__v-align flex-basis-100 align-self-lg-start align-self-md-start align-self-start\">\n<div class=\"d-block style-1056 style-local-720-c7 position-relative h-element\" data-colibri-id=\"720-c7\">\n<div class=\"h-image__frame-container-outer\">\n<div class=\"h-image__frame-container\">\n\n<img loading=\"lazy\" decoding=\"async\" width=\"480\" height=\"720\" class=\"wp-image-769 style-1056-image style-local-720-c7-image\" src=\"https:\/\/line-fire.de\/wp-content\/uploads\/2025\/08\/Unbenannt-2.png\" alt=\"Fotokollage mit Ronnie und Tanzsch\u00fclern\" srcset=\"https:\/\/line-fire.de\/wp-content\/uploads\/2025\/08\/Unbenannt-2.png 480w, https:\/\/line-fire.de\/wp-content\/uploads\/2025\/08\/Unbenannt-2-200x300.png 200w\" sizes=\"auto, (max-width: 480px) 100vw, 480px\" \/>\n<div class=\"h-image__frame h-hide-lg h-hide-md h-hide-sm style-1056-frameImage style-local-720-c7-frameImage\"><\/div>\n<\/div>\n<\/div>\n<\/div>\n<\/div>\n<\/div>\n<\/div>\n<\/div>\n<\/div>\n<\/div>\n<\/div>\n<\/div>","protected":false},"excerpt":{"rendered":"<p>Datenschutzerkl\u00e4rung Wer wir sind Die Adresse unserer Website ist: https:\/\/line-fire.de. Kommentare &amp; Member Wenn Besucher Kommentare auf der Website schreiben oder sich als Member registrieren, sammeln wir die Daten, die im Kommentar-Formular angezeigt werden, au\u00dferdem die IP-Adresse des Besuchers und den User-Agent-String (damit wird der Browser identifiziert), um die Erkennung von Spam zu unterst\u00fctzen. Aus [&hellip;]<\/p>\n","protected":false},"author":2,"featured_media":0,"parent":0,"menu_order":0,"comment_status":"closed","ping_status":"closed","template":"page-templates\/full-width-page.php","meta":{"footnotes":""},"class_list":["post-720","page","type-page","status-publish","hentry"],"_links":{"self":[{"href":"https:\/\/line-fire.de\/index.php?rest_route=\/wp\/v2\/pages\/720","targetHints":{"allow":["GET"]}}],"collection":[{"href":"https:\/\/line-fire.de\/index.php?rest_route=\/wp\/v2\/pages"}],"about":[{"href":"https:\/\/line-fire.de\/index.php?rest_route=\/wp\/v2\/types\/page"}],"author":[{"embeddable":true,"href":"https:\/\/line-fire.de\/index.php?rest_route=\/wp\/v2\/users\/2"}],"replies":[{"embeddable":true,"href":"https:\/\/line-fire.de\/index.php?rest_route=%2Fwp%2Fv2%2Fcomments&post=720"}],"version-history":[{"count":11,"href":"https:\/\/line-fire.de\/index.php?rest_route=\/wp\/v2\/pages\/720\/revisions"}],"predecessor-version":[{"id":2641,"href":"https:\/\/line-fire.de\/index.php?rest_route=\/wp\/v2\/pages\/720\/revisions\/2641"}],"wp:attachment":[{"href":"https:\/\/line-fire.de\/index.php?rest_route=%2Fwp%2Fv2%2Fmedia&parent=720"}],"curies":[{"name":"wp","href":"https:\/\/api.w.org\/{rel}","templated":true}]}}