{"id":477,"date":"2025-08-13T21:48:27","date_gmt":"2025-08-13T19:48:27","guid":{"rendered":"https:\/\/line-fire.de\/?page_id=477"},"modified":"2026-03-25T14:59:24","modified_gmt":"2026-03-25T13:59:24","slug":"dtsa","status":"publish","type":"page","link":"https:\/\/line-fire.de\/?page_id=477","title":{"rendered":"DTSA"},"content":{"rendered":"<div data-colibri-id=\"477-c1\" class=\"style-710 style-local-477-c1 position-relative\">\n  <!---->\n  <div data-colibri-component=\"section\" data-colibri-id=\"477-c2\" id=\"custom\" class=\"h-section h-section-global-spacing d-flex align-items-lg-center align-items-md-center align-items-center style-715 style-local-477-c2 position-relative\">\n    <!---->\n    <!---->\n    <div class=\"h-section-grid-container h-section-boxed-container\">\n      <!---->\n      <div data-colibri-id=\"477-c3\" class=\"h-row-container gutters-row-lg-2 gutters-row-md-2 gutters-row-0 gutters-row-v-lg-2 gutters-row-v-md-2 gutters-row-v-2 style-716 style-local-477-c3 position-relative\">\n        <!---->\n        <div class=\"h-row justify-content-lg-center justify-content-md-center justify-content-center align-items-lg-stretch align-items-md-stretch align-items-stretch gutters-col-lg-2 gutters-col-md-2 gutters-col-0 gutters-col-v-lg-2 gutters-col-v-md-2 gutters-col-v-2\">\n          <!---->\n          <div class=\"h-column h-column-container d-flex h-col-lg-auto h-col-md-auto h-col-auto style-717-outer style-local-477-c4-outer\">\n            <div data-colibri-id=\"477-c4\" class=\"d-flex h-flex-basis h-column__inner h-px-lg-2 h-px-md-2 h-px-2 v-inner-lg-2 v-inner-md-2 v-inner-2 style-717 style-local-477-c4 position-relative\">\n              <!---->\n              <!---->\n              <div class=\"w-100 h-y-container h-column__content h-column__v-align flex-basis-100 align-self-lg-start align-self-md-start align-self-start\">\n                <!---->\n                <div data-colibri-id=\"477-c5\" class=\"h-global-transition-all h-heading style-719 style-local-477-c5 position-relative h-element\">\n                  <!---->\n                  <div class=\"h-heading__outer style-719 style-local-477-c5\">\n                    <!---->\n                    <!---->\n                    <h3 class=\"\"><span style=\"color: rgb(255, 255, 255); font-weight: 600;\">DTSA &#8211; das deutsche Tanzsport Abzeichen<\/span><\/h3>\n                  <\/div>\n                <\/div>\n                <div data-colibri-id=\"477-c6\" class=\"h-text h-text-component style-4322 style-local-477-c6 position-relative h-element\">\n                  <!---->\n                  <!---->\n                  <div class=\"\">\n                    <p>Die Schirmherrschaft f\u00fcr DTSA Abnahmen in der Tanzschule &#8218;Swing and Move&#8216; tr\u00e4gt wie immer der <span style=\"font-weight: 600;\">Blau-Silber Berlin e.V.<\/span> Wenn Ihr das letzte Mal keine Abnahme bei uns durchgef\u00fchrt oder woanders \u00fcber\n                      den LTV Berlin abgelegt habt, m\u00fcsst Ihr mir zu Eurer Anmeldung eine Kopie Eurer letzten DTSA Urkunde mitschicken.<\/p>\n                    <p>Die T\u00e4nze f\u00fcr diese und auch f\u00fcr zuk\u00fcnftige Abnahmen sollten sich mit Ausnahme f\u00fcr Gold und Brillant nicht all zu h\u00e4ufig \u00e4ndern. Alle T\u00e4nze werden eingez\u00e4hlt und alle Titel werden nach circa 2 Minuten tanzen ausgeblendet.<\/p>\n                    <p>Je nach Planung und Anmeldezahlen gibt es danach eine kurze Pause und vielleicht auch eine Party.<\/p>\n                  <\/div>\n                <\/div>\n                <div data-colibri-id=\"477-c10\" class=\"h-divider style-4324 style-local-477-c10 position-relative h-element\">\n                  <!----><span class=\"h-divider__line style-4324-line style-local-477-c10-line style-4324-line style-local-477-c10-line\"><\/span><\/div>\n                <div data-colibri-id=\"477-c11\" class=\"h-text h-text-component style-4325 style-local-477-c11 position-relative h-element\">\n                  <!---->\n                  <!---->\n                  <div class=\"\">\n                    <p><em>Seit dem 01.01.2018 haben sich die DTSA Verleihungsbedingungen ge\u00e4ndert. Genaueres erfahrt Ihr in den Verleihungsbedingungen bei eurem zust\u00e4ndigen LTV.<br><\/em><\/p>\n                    <p><em>Hier einige Verleihungsbedingungen:<\/em><\/p>\n                    <p><em>&#8211; Verliehen wird das Abzeichen in der jeweiligen Kategorie in Bronze, Silber, Gold und Brillant.<\/em><\/p>\n                    <p><em>&#8211; Preis\u00e4nderung: Alle Abzeichen kosten jetzt 8 Euro, und Brillant 10 Euro (zzgl: Eintritt, usw.)<\/em><\/p>\n                    <p><em>&#8211; Man kann jede Abzeichenabnahme so oft wiederholen, wie man m\u00f6chte.<\/em><\/p>\n                    <p><em>&#8211; Es ist egal, welchen Abzeichen man ablegen m\u00f6chte.<\/em><\/p>\n                    <p><em>&#8211; Man kann auch auf des Abzeichen verzichten und damit die Kosten sparen, wenn man nur die Urkunde haben m\u00f6chte.<\/em><\/p>\n                    <p><em>&#8211; Ein in anderen Tanzspotzarten errungenes Abzeichen z\u00e4hlt nicht.<\/em><\/p>\n                    <p><em>&#8211; Werden Gold oder Brillant zum 5., 10., 15. Mal erfolgreich abgelegt, so erh\u00e4lt das entsprechende Abzeichen mit der Zahl 5, 10, 15, &#8230;<\/em><\/p>\n                    <p><em>&#8211; Jedes Abzeichen z\u00e4hlt f\u00fcr sich! D.h., Inhaber eines Goldabzeichens mit Zahl erhalten bei Ablegung des h\u00f6heren Leistungslevels Brillant NICHT dieses Abzeichen mit der entsprechenden Zahl, sondern fangen im h\u00f6heren Level wieder bei 1 an.<\/em><\/p>\n                    <p><em>&#8211; Das Abzeichen &#8222;Gold mit Kranz&#8220; gibt es NICHT mehr.<\/em><\/p>\n                    <p><em><br><\/em><\/p>\n                    <p><em><br><\/em><\/p>\n                    <p><em>Leistungsanforderungen:<\/em><\/p>\n                    <p><em>&#8211; Bronze: mind. 3 verschiedene T\u00e4nze mit jeweils mind. 4 verschiedenen Schrittkombinationen,<\/em><\/p>\n                    <p><em>&#8211; Silber: mind. 4 verschiedene T\u00e4nze mit jeweils mind. 6 verschiedenen Schrittkombinationen,<\/em><\/p>\n                    <p><em>&#8211; Gold: mind. 5 verschiedene T\u00e4nze mit jeweils mind. 8 verschiedenen Schrittkombinationen,<\/em><\/p>\n                    <p><em>&#8211; Brillant: mind. 6 verschiedene T\u00e4nze mit jeweils mind. 10 verschiedenen Schrittkombinationen,<\/em><\/p>\n                  <\/div>\n                <\/div>\n              <\/div>\n            <\/div>\n          <\/div>\n          <div class=\"h-column h-column-container d-flex h-col-lg-auto h-col-md-auto h-col-auto style-718-outer style-local-477-c7-outer\">\n            <div data-colibri-id=\"477-c7\" class=\"d-flex h-flex-basis h-column__inner h-px-lg-2 h-px-md-2 h-px-2 v-inner-lg-2 v-inner-md-2 v-inner-2 style-718 style-local-477-c7 position-relative\">\n              <!---->\n              <!---->\n              <div class=\"w-100 h-y-container h-column__content h-column__v-align flex-basis-100 align-self-lg-start align-self-md-start align-self-start\">\n                <!---->\n                <div data-colibri-id=\"477-c8\" class=\"d-block style-720 style-local-477-c8 position-relative h-element\">\n                  <!---->\n                  <div class=\"h-image__frame-container-outer\">\n                    <a href=\"https:\/\/line-fire.de\/wp-content\/uploads\/2025\/08\/DTSA-trans.png\" data-fancybox=\"section-group-ZXb5BoksSAvhpvEUokXi\" h-use-smooth-scroll=\"true\" class=\"image-link\">\n                      <div class=\"h-image__frame-container\">\n                        <!---->\n                        <!---->\n                        <img loading=\"lazy\" decoding=\"async\" width=\"957\" height=\"590\" src=\"https:\/\/line-fire.de\/wp-content\/uploads\/2025\/08\/DTSA-trans.png\" class=\"wp-image-6737 style-720-image style-local-477-c8-image\" alt=\"alle 4 Tanzsportabzeichen\" srcset=\"https:\/\/line-fire.de\/wp-content\/uploads\/2025\/08\/DTSA-trans.png 957w, https:\/\/line-fire.de\/wp-content\/uploads\/2025\/08\/DTSA-trans-300x185.png 300w, https:\/\/line-fire.de\/wp-content\/uploads\/2025\/08\/DTSA-trans-768x473.png 768w\" sizes=\"auto, (max-width: 957px) 100vw, 957px\" \/>\n                        <div class=\"h-image__frame h-hide-lg h-hide-md h-hide-sm style-720-frameImage style-local-477-c8-frameImage\"><\/div>\n                      <\/div>\n                    <\/a>\n                  <\/div>\n                <\/div>\n                <div data-colibri-id=\"477-c9\" class=\"d-block style-928 style-local-477-c9 position-relative h-element\">\n                  <!---->\n                  <div class=\"h-image__frame-container-outer\">\n                    <div class=\"h-image__frame-container\">\n                      <!---->\n                      <!---->\n                      <img loading=\"lazy\" decoding=\"async\" width=\"480\" height=\"720\" src=\"https:\/\/line-fire.de\/wp-content\/uploads\/2025\/08\/Unbenannt-2.png\" class=\"wp-image-769 style-928-image style-local-477-c9-image\" alt=\"Fotokollage mit Ronnie und Tanzsch\u00fclern\" srcset=\"https:\/\/line-fire.de\/wp-content\/uploads\/2025\/08\/Unbenannt-2.png 480w, https:\/\/line-fire.de\/wp-content\/uploads\/2025\/08\/Unbenannt-2-200x300.png 200w\" sizes=\"auto, (max-width: 480px) 100vw, 480px\" \/>\n                      <div class=\"h-image__frame h-hide-lg h-hide-md h-hide-sm style-928-frameImage style-local-477-c9-frameImage\"><\/div>\n                    <\/div>\n                  <\/div>\n                <\/div>\n              <\/div>\n            <\/div>\n          <\/div>\n        <\/div>\n      <\/div>\n    <\/div>\n  <\/div>\n<\/div>","protected":false},"excerpt":{"rendered":"<p>DTSA &#8211; das deutsche Tanzsport Abzeichen Die Schirmherrschaft f\u00fcr DTSA Abnahmen in der Tanzschule &#8218;Swing and Move&#8216; tr\u00e4gt wie immer der Blau-Silber Berlin e.V. Wenn Ihr das letzte Mal keine Abnahme bei uns durchgef\u00fchrt oder woanders \u00fcber den LTV Berlin abgelegt habt, m\u00fcsst Ihr mir zu Eurer Anmeldung eine Kopie Eurer letzten DTSA Urkunde mitschicken. [&hellip;]<\/p>\n","protected":false},"author":2,"featured_media":0,"parent":0,"menu_order":0,"comment_status":"closed","ping_status":"closed","template":"page-templates\/full-width-page.php","meta":{"footnotes":""},"class_list":["post-477","page","type-page","status-publish","hentry"],"_links":{"self":[{"href":"https:\/\/line-fire.de\/index.php?rest_route=\/wp\/v2\/pages\/477","targetHints":{"allow":["GET"]}}],"collection":[{"href":"https:\/\/line-fire.de\/index.php?rest_route=\/wp\/v2\/pages"}],"about":[{"href":"https:\/\/line-fire.de\/index.php?rest_route=\/wp\/v2\/types\/page"}],"author":[{"embeddable":true,"href":"https:\/\/line-fire.de\/index.php?rest_route=\/wp\/v2\/users\/2"}],"replies":[{"embeddable":true,"href":"https:\/\/line-fire.de\/index.php?rest_route=%2Fwp%2Fv2%2Fcomments&post=477"}],"version-history":[{"count":9,"href":"https:\/\/line-fire.de\/index.php?rest_route=\/wp\/v2\/pages\/477\/revisions"}],"predecessor-version":[{"id":9503,"href":"https:\/\/line-fire.de\/index.php?rest_route=\/wp\/v2\/pages\/477\/revisions\/9503"}],"wp:attachment":[{"href":"https:\/\/line-fire.de\/index.php?rest_route=%2Fwp%2Fv2%2Fmedia&parent=477"}],"curies":[{"name":"wp","href":"https:\/\/api.w.org\/{rel}","templated":true}]}}