{"id":463,"date":"2025-08-13T21:45:55","date_gmt":"2025-08-13T19:45:55","guid":{"rendered":"https:\/\/line-fire.de\/?page_id=463"},"modified":"2026-02-25T07:45:16","modified_gmt":"2026-02-25T06:45:16","slug":"biografie","status":"publish","type":"page","link":"https:\/\/line-fire.de\/?page_id=463","title":{"rendered":"Biografie"},"content":{"rendered":"<div data-colibri-id=\"463-c1\" class=\"style-724 style-local-463-c1 position-relative\">\n  <!---->\n  <div data-colibri-component=\"section\" data-colibri-id=\"463-c2\" id=\"custom\" class=\"h-section h-section-global-spacing d-flex align-items-lg-center align-items-md-center align-items-center style-729 style-local-463-c2 position-relative\">\n    <!---->\n    <!---->\n    <div class=\"h-section-grid-container h-section-boxed-container\">\n      <!---->\n      <div data-colibri-id=\"463-c3\" class=\"h-row-container gutters-row-lg-2 gutters-row-md-2 gutters-row-0 gutters-row-v-lg-2 gutters-row-v-md-2 gutters-row-v-2 style-730 style-local-463-c3 position-relative\">\n        <!---->\n        <div class=\"h-row justify-content-lg-center justify-content-md-center justify-content-center align-items-lg-stretch align-items-md-stretch align-items-stretch gutters-col-lg-2 gutters-col-md-2 gutters-col-0 gutters-col-v-lg-2 gutters-col-v-md-2 gutters-col-v-2\">\n          <!---->\n          <div class=\"h-column h-column-container d-flex h-col-lg-auto h-col-md-auto h-col-auto style-731-outer style-local-463-c4-outer\">\n            <div data-colibri-id=\"463-c4\" class=\"d-flex h-flex-basis h-column__inner h-px-lg-2 h-px-md-2 h-px-2 v-inner-lg-2 v-inner-md-2 v-inner-2 style-731 style-local-463-c4 position-relative\">\n              <!---->\n              <!---->\n              <div class=\"w-100 h-y-container h-column__content h-column__v-align flex-basis-100 align-self-lg-start align-self-md-start align-self-start\">\n                <!---->\n                <div data-colibri-id=\"463-c5\" class=\"h-global-transition-all h-heading style-734 style-local-463-c5 position-relative h-element\">\n                  <!---->\n                  <div class=\"h-heading__outer style-734 style-local-463-c5\">\n                    <!---->\n                    <!---->\n                    <h3 class=\"\"><span style=\"color: rgb(255, 255, 255); font-weight: 600;\">\u00fcber Ronnie Grabs<\/span><\/h3>\n                  <\/div>\n                <\/div>\n                <div data-colibri-id=\"463-c6\" class=\"h-text h-text-component style-735 style-local-463-c6 position-relative h-element\">\n                  <!---->\n                  <!---->\n                  <div class=\"\">\n                    <p>Hallo, ich bin Ronnie Grabs. Frontmann bei Berlin LINE-FIRE und zust\u00e4ndig f\u00fcr: Tanzkurse, Training, Workshops, Technikkurse, Musik, Moderation, Webpage Betreuung, u.a. Ich bin kein ausgebildeter Tanzlehrer, aber ich nahm regelm\u00e4\u00dfig\n                      an Meisterschaften teil. Zus\u00e4tzlich habe ich eine Wertungsrichter Ausbildung beim UCWDC\u00ae, dem amerikanischen United Country Western Dance Council gemacht. Es gibt viele Verb\u00e4nde. Aber der UCWDC<span style=\"color: rgb(70, 112, 127); font-family: &quot;Open Sans&quot;; font-size: 16px; font-weight: 400;\">\u00ae<\/span>                      ist der \u00c4lteste und als Partner vom WDSF als Einziger Mitglied im IOC, dem Olympischen Komitee.<\/p>\n                    <p>Es kommt immer mal wieder die Fragen auf, was f\u00fcr eine Qualifikation ich zum Line Dance Lehrer habe. Ich wei\u00df nicht, was ob \u00fcberhaupt eine Line Dance Lehrer irgend eine Art Ausbildung mitgemacht haben &#8230; Meine Qualifikation jedenfalls\n                      sind: Wertungsrichter Ausbildung bei UCWDC<span style=\"color: rgb(70, 112, 127); font-family: &quot;Open Sans&quot;; font-size: 16px; font-weight: 400;\">\u00ae, zertifizierter Scoring Direktor beim UCWDC\u00ae, dazu 20 Jahre Erfahrung als Turniert\u00e4nzer, Tanzlehrer und Trainer. Dazu habe ich einen Doppelweltmeister Titel 2010 und geh\u00f6re zur Star Klasse beim UCWDC\u00ae &#8222;Crown&#8220;.<\/span><\/p>\n                    <p>Von M\u00e4rz 2022 bis Dezember 2025 war ich UCWDC Scoring Direktor. In dieser Funktion habe ich auf Meisterschaften die Ergebnisse berechnet. Dieses tat ich auch f\u00fcr ander Verb\u00e4nde. Aber aufgrund von Problemen habe diese T\u00e4tigkeit voll\n                      eingestellt. Ich werde auch f\u00fcr keinen anderen Verband mehr dieser T\u00e4tigkeit nachgehen.<\/p>\n                    <p>Mein richtiger Name ist Ronald, aber so nennt mich au\u00dfer die Polizei niemand mehr. Bleibt also bitte bei Ronnie. Geboren wurde ich 1968 im Zeichen des L\u00f6wen. Mein erlernter Beruf ist Restaurantfachmann, aber diesen Beruf habe ich schon\n                      w\u00e4hrend der Lehre gehasst. Zwischenzeitlich habe ich auch in einer Leiharbeitsfirma gearbeitet, und somit viele Berufe kennengelernt. Dann habe ich auch mit meinem Schwager eine kleine Eisenflechter Firma gehabt und bin bei einem\n                      Berliner Black Musik Radiosender zum Moderator ausgebildet worden.<\/p>\n                    <p>Zum Line Dance kam ich w\u00e4hrend meiner Radiozeit. Durch die Arbeit bei einem Black Music Sender hatte ich st\u00e4ndig den Kopf voll mit dieser Musik. Einen Ausgleich fand ich in einer Country Kneipe. Endlich war mal mein Kopf frei. Alle\n                      meine Kumpels lernten in dieser kleinen Kneipe Line Dance. 3 Jahre brauchte ich, bis ich es auch probierte. Naja, was dann passiert ist k\u00f6nnt Ihr Euch ja denken:<\/p>\n                    <p>&#8211; Sommer\/Herbst 1997: Besuch des 1. Line Dance Kurses<\/p>\n                    <p>&#8211; Ende Sommer 1998: erster eigener Tanzkurs im Musiccaf\u00e9 RELAX<\/p>\n                    <p>&#8211; 15. September 1999: Umzug in den MITTELPUNKT DER ERDE &#8211; H\u00f6now<\/p>\n                    <p>&#8211; 28. M\u00e4rz 2008: Umzug ins TIMELESS am S Bhf. Berlin-Springpfuhl<\/p>\n                    <p>&#8211; 23. M\u00e4rz 2015: Umzug ins SWING AND MOVE<\/p>\n                  <\/div>\n                <\/div>\n              <\/div>\n            <\/div>\n          <\/div>\n          <div class=\"h-column h-column-container d-flex h-col-lg-auto h-col-md-auto h-col-auto style-732-outer style-local-463-c7-outer h-hide-md h-hide-sm\">\n            <div data-colibri-id=\"463-c7\" class=\"d-flex h-flex-basis h-column__inner h-px-lg-2 h-px-md-2 h-px-2 v-inner-lg-2 v-inner-md-2 v-inner-2 style-732 style-local-463-c7 h-hide-md h-hide-sm position-relative\">\n              <!---->\n              <!---->\n              <div class=\"w-100 h-y-container h-column__content h-column__v-align flex-basis-100 align-self-lg-start align-self-md-start align-self-start\">\n                <!---->\n                <div data-colibri-id=\"463-c8\" class=\"d-block style-733 style-local-463-c8 position-relative h-element\">\n                  <!---->\n                  <div class=\"h-image__frame-container-outer\">\n                    <div class=\"h-image__frame-container\">\n                      <!---->\n                      <!---->\n                      <img loading=\"lazy\" decoding=\"async\" width=\"800\" height=\"603\" src=\"https:\/\/line-fire.de\/wp-content\/uploads\/2025\/08\/ronny_1.jpg\" class=\"wp-image-860 style-733-image style-local-463-c8-image\" alt=\"Ronnie liegend\" srcset=\"https:\/\/line-fire.de\/wp-content\/uploads\/2025\/08\/ronny_1.jpg 800w, https:\/\/line-fire.de\/wp-content\/uploads\/2025\/08\/ronny_1-300x226.jpg 300w, https:\/\/line-fire.de\/wp-content\/uploads\/2025\/08\/ronny_1-768x579.jpg 768w\" sizes=\"auto, (max-width: 800px) 100vw, 800px\" \/>\n                      <div class=\"h-image__frame h-hide-lg h-hide-md h-hide-sm style-733-frameImage style-local-463-c8-frameImage\"><\/div>\n                    <\/div>\n                  <\/div>\n                <\/div>\n                <div data-colibri-id=\"463-c9\" class=\"d-block style-736 style-local-463-c9 position-relative h-element\">\n                  <!---->\n                  <div class=\"h-image__frame-container-outer\">\n                    <div class=\"h-image__frame-container\">\n                      <!---->\n                      <!---->\n                      <img loading=\"lazy\" decoding=\"async\" width=\"1707\" height=\"2560\" src=\"https:\/\/line-fire.de\/wp-content\/uploads\/2025\/08\/1DM46670-scaled.jpg\" class=\"wp-image-868 style-736-image style-local-463-c9-image\" alt=\"Ronnie als Sprecher\" srcset=\"https:\/\/line-fire.de\/wp-content\/uploads\/2025\/08\/1DM46670-scaled.jpg 1707w, https:\/\/line-fire.de\/wp-content\/uploads\/2025\/08\/1DM46670-200x300.jpg 200w, https:\/\/line-fire.de\/wp-content\/uploads\/2025\/08\/1DM46670-683x1024.jpg 683w, https:\/\/line-fire.de\/wp-content\/uploads\/2025\/08\/1DM46670-768x1152.jpg 768w, https:\/\/line-fire.de\/wp-content\/uploads\/2025\/08\/1DM46670-1024x1536.jpg 1024w, https:\/\/line-fire.de\/wp-content\/uploads\/2025\/08\/1DM46670-1365x2048.jpg 1365w\" sizes=\"auto, (max-width: 1707px) 100vw, 1707px\" \/>\n                      <div class=\"h-image__frame h-hide-lg h-hide-md h-hide-sm style-736-frameImage style-local-463-c9-frameImage\"><\/div>\n                    <\/div>\n                  <\/div>\n                <\/div>\n              <\/div>\n            <\/div>\n          <\/div>\n        <\/div>\n      <\/div>\n    <\/div>\n  <\/div>\n<\/div>","protected":false},"excerpt":{"rendered":"<p>\u00fcber Ronnie Grabs Hallo, ich bin Ronnie Grabs. Frontmann bei Berlin LINE-FIRE und zust\u00e4ndig f\u00fcr: Tanzkurse, Training, Workshops, Technikkurse, Musik, Moderation, Webpage Betreuung, u.a. Ich bin kein ausgebildeter Tanzlehrer, aber ich nahm regelm\u00e4\u00dfig an Meisterschaften teil. Zus\u00e4tzlich habe ich eine Wertungsrichter Ausbildung beim UCWDC\u00ae, dem amerikanischen United Country Western Dance Council gemacht. Es gibt viele [&hellip;]<\/p>\n","protected":false},"author":2,"featured_media":0,"parent":0,"menu_order":0,"comment_status":"closed","ping_status":"closed","template":"page-templates\/full-width-page.php","meta":{"footnotes":""},"class_list":["post-463","page","type-page","status-publish","hentry"],"_links":{"self":[{"href":"https:\/\/line-fire.de\/index.php?rest_route=\/wp\/v2\/pages\/463","targetHints":{"allow":["GET"]}}],"collection":[{"href":"https:\/\/line-fire.de\/index.php?rest_route=\/wp\/v2\/pages"}],"about":[{"href":"https:\/\/line-fire.de\/index.php?rest_route=\/wp\/v2\/types\/page"}],"author":[{"embeddable":true,"href":"https:\/\/line-fire.de\/index.php?rest_route=\/wp\/v2\/users\/2"}],"replies":[{"embeddable":true,"href":"https:\/\/line-fire.de\/index.php?rest_route=%2Fwp%2Fv2%2Fcomments&post=463"}],"version-history":[{"count":9,"href":"https:\/\/line-fire.de\/index.php?rest_route=\/wp\/v2\/pages\/463\/revisions"}],"predecessor-version":[{"id":9017,"href":"https:\/\/line-fire.de\/index.php?rest_route=\/wp\/v2\/pages\/463\/revisions\/9017"}],"wp:attachment":[{"href":"https:\/\/line-fire.de\/index.php?rest_route=%2Fwp%2Fv2%2Fmedia&parent=463"}],"curies":[{"name":"wp","href":"https:\/\/api.w.org\/{rel}","templated":true}]}}