{"id":461,"date":"2025-08-13T21:45:44","date_gmt":"2025-08-13T19:45:44","guid":{"rendered":"https:\/\/line-fire.de\/?page_id=461"},"modified":"2025-09-22T06:33:09","modified_gmt":"2025-09-22T04:33:09","slug":"fuer-ultra-beginner","status":"publish","type":"page","link":"https:\/\/line-fire.de\/?page_id=461","title":{"rendered":"f\u00fcr Ultra Beginner"},"content":{"rendered":"<div data-colibri-id=\"461-c1\" class=\"style-826 style-local-461-c1 position-relative\">\n  <!---->\n  <div data-colibri-component=\"section\" data-colibri-id=\"461-c2\" id=\"custom\" class=\"h-section h-section-global-spacing d-flex align-items-lg-center align-items-md-center align-items-center style-831 style-local-461-c2 position-relative\">\n    <!---->\n    <!---->\n    <div class=\"h-section-grid-container h-section-boxed-container\">\n      <!---->\n      <div data-colibri-id=\"461-c3\" class=\"h-row-container gutters-row-lg-2 gutters-row-md-2 gutters-row-0 gutters-row-v-lg-2 gutters-row-v-md-2 gutters-row-v-2 style-832 style-local-461-c3 position-relative\">\n        <!---->\n        <div class=\"h-row justify-content-lg-center justify-content-md-center justify-content-center align-items-lg-stretch align-items-md-stretch align-items-stretch gutters-col-lg-2 gutters-col-md-2 gutters-col-0 gutters-col-v-lg-2 gutters-col-v-md-2 gutters-col-v-2\">\n          <!---->\n          <div class=\"h-column h-column-container d-flex h-col-lg-auto h-col-md-auto h-col-auto style-833-outer style-local-461-c4-outer\">\n            <div data-colibri-id=\"461-c4\" class=\"d-flex h-flex-basis h-column__inner h-px-lg-2 h-px-md-2 h-px-2 v-inner-lg-2 v-inner-md-2 v-inner-2 style-833 style-local-461-c4 position-relative\">\n              <!---->\n              <!---->\n              <div class=\"w-100 h-y-container h-column__content h-column__v-align flex-basis-100 align-self-lg-start align-self-md-start align-self-start\">\n                <!---->\n                <div data-colibri-id=\"461-c5\" class=\"h-global-transition-all h-heading style-836 style-local-461-c5 position-relative h-element\">\n                  <!---->\n                  <div class=\"h-heading__outer style-836 style-local-461-c5\">\n                    <!---->\n                    <!---->\n                    <h3 class=\"\"><span style=\"color: rgb(255, 255, 255); font-weight: 600;\">Informationen f\u00fcr Ultra Beginner<\/span><\/h3>\n                  <\/div>\n                <\/div>\n                <div data-colibri-id=\"461-c6\" class=\"h-text h-text-component style-911 style-local-461-c6 position-relative h-element\">\n                  <!---->\n                  <!---->\n                  <div class=\"\">\n                    <p>Hallo, es freut mich, dass Ihr Euch f\u00fcr einen Beginner Tanzkurs Im Line Dance interessiert.<\/p>\n                  <\/div>\n                <\/div>\n                <div data-colibri-id=\"461-c7\" class=\"h-text h-text-component style-911 style-local-461-c7 position-relative h-element\">\n                  <!---->\n                  <!---->\n                  <div class=\"\">\n                    <p>Derzeit l\u00e4uft ein Anf\u00e4ngerkurs Donnerstags um 18 Uhr.<\/p>\n                  <\/div>\n                <\/div>\n                <div data-colibri-id=\"461-c8\" class=\"h-text h-text-component style-911 style-local-461-c8 position-relative h-element\">\n                  <!---->\n                  <!---->\n                  <div class=\"\">\n                    <p>Solltet Ihr interessiert sein, ein sp\u00e4terer Einstieg in einen laufenden Kurs ist zu jeder Zeit m\u00f6glich.<\/p>\n                  <\/div>\n                <\/div>\n                <div data-colibri-id=\"461-c9\" class=\"h-text h-text-component style-911 style-local-461-c9 position-relative h-element\">\n                  <!---->\n                  <!---->\n                  <div class=\"\">\n                    <p>Ein neuer Anf\u00e4ngerkurs wird gerade geplant. Zeit w\u00fcrde <strong style=\"font-weight: 700;\">Donnerstags 19:30 Uhr<\/strong> sein. Behaltet diese Seite einfach im Auge oder schickt mir eine Mail\n                      <a href=\"mailto:ronnygrabs@gmail.com\" style=\"font-weight: 700;\"\n                        target=\"_blank\">ronnygrabs@gmail.com<\/a>\n                    <\/p>\n                  <\/div>\n                <\/div>\n                <div data-colibri-id=\"461-c11\" class=\"h-text h-text-component style-911 style-local-461-c11 position-relative h-element\">\n                  <!---->\n                  <!---->\n                  <div class=\"\">\n                    <p>Eine &#8218;Tanzstunde&#8216; dauert etwa 1,5 Stunden, kostet 50 Euro im Monat. Es gibt Kurse in verschiedenen Schwierigkeitsklassen. Jegliche Teilnahme ist absolut unverbindlich und ohne Gew\u00e4hr! Es entstehen keinerlei Verpflichtungen durch Vertr\u00e4ge\n                      o.\u00e4. Aber eine &#8222;Schnupperstunde&#8220; gibt es im Ultra-Beginnerkurs nicht. Das w\u00e4re unfair gegen\u00fcber anderen Quereinsteigern und denen, die von Anfang an dabei sind. Weitere Infos beantworte ich gern per Telefon oder e-Mail.<\/p>\n                  <\/div>\n                <\/div>\n                <div data-colibri-id=\"461-c12\" class=\"h-divider style-917 style-local-461-c12 position-relative h-element\">\n                  <!----><span class=\"h-divider__line style-917-line style-local-461-c12-line style-917-line style-local-461-c12-line\"><\/span> <span class=\"h-svg-icon h-divider__icon style-917-icon style-local-461-c12-icon\"><!--Icon by Font Awesome (https:\/\/fontawesome.com)-->\n    <svg version=\"1.1\" xmlns=\"http:\/\/www.w3.org\/2000\/svg\" xmlns:xlink=\"http:\/\/www.w3.org\/1999\/xlink\" id=\"hand-o-down\" viewBox=\"0 0 1536 1896.0833\">\n      <path d=\"M1408 960q0-84-32-183t-64-194-32-167v-32H640v32q0 35-12 67.5T591 546t-46 50-54 49q-9 8-14 12-81 72-145 112-22 14-68 38-3 1-22.5 10.5t-36 18.5-35.5 20-30.5 21.5T128 896q0 71 30.5 115.5T256 1056q43 0 84.5-15t68-33 55-33 48.5-15v576q0 50 38.5 89t89.5 39q52 0 90-38t38-90v-331q46 35 103 35 69 0 119-53 32 18 69 18t73.5-17.5 52.5-47.5q24 4 56 4 85 0 126-48.5t41-135.5zm-128-768q0-26-19-45t-45-19-45 19-19 45 19 45 45 19 45-19 19-45zm256 764q0 142-77.5 230t-217.5 87l-5-1q-76 61-178 61-22 0-43-3-54 30-119 37v169q0 105-76 180.5T639 1792q-103 0-179-76t-76-180v-374q-54 22-128 22-121 0-188.5-81.5T0 896q0-38 17.5-69.5t49.5-55 63-40.5 72-37 62-33q55-35 129-100 3-2 17-14t21.5-19 21.5-20.5 22.5-24 18-22.5 14-23.5T512 416V128q0-53 37.5-90.5T640 0h640q53 0 90.5 37.5T1408 128v288q0 59 59 223 69 190 69 317z\"><\/path>\n    <\/svg><\/span> <span class=\"h-divider__line style-917-line style-local-461-c12-line style-917-line style-local-461-c12-line\"><\/span><\/div>\n                <div data-colibri-id=\"461-c13\" class=\"h-text h-text-component style-915 style-local-461-c13 position-relative h-element\">\n                  <!---->\n                  <!---->\n                  <div class=\"\">\n                    <p>Line Dance ist die modernste Form des Country Tanzes. Obwohl dieses Wort &#8222;Country&#8220; immer vermuten l\u00e4sst, dass es sich hierbei um Tanzen mit Hut, Stiefel und Chaps handelt, wird Line Dance doch fast \u00fcberall nur mit normaler Freizeitkleidung\n                      getanzt. Das Klischee behaftete Line Dance, dass Viele aus dem TV glauben zu kennen, entspricht nur einer Minderheit. Auch die Musik entspricht eher denen der aktuellen Charts und Evergreens. Aber auch zu Country Musik existieren\n                      viele Line Dances. Es ist eine reine Geschmackssache und bei uns ist Jeder frei! Frei in seiner Meinung und frei mit seinem Geschmack. Bei uns wird Niemand zu etwas gezwungen oder &#8222;\u00fcberzeugt&#8220;.<\/p>\n                    <p>Da es in der heutigen Zeit Medien wie Fernsehen oder das Internet gibt, wo Wenige \u00fcber die Meinung Vieler entscheiden hat der Line Dance ein schlechtes Image bekommen. Line Dancer k\u00f6nnen laut TV sich weder ordentlich kleiden (vergammelte\n                      Western Sachen von vor 50 Jahren) noch ordentlich tanzen (h\u00e4ngende K\u00f6pfe, Buckel, schlechte Haltung, H\u00e4nde am G\u00fcrtel oder in den Taschen, usw.). Von diesen Berichten distanziere ich mich in aller Form (z.B. RTL: &#8222;Bauer sucht Frau&#8220;,\n                      Schwiegertochter gesucht&#8220;, usw.). Wir tanzen aufrecht mit Kopf hoch, Haltung und ordentlicher Kleidung. Da aber viele ein Vorurteil gegen Line Dance haben (dank der Medien), distanziere ich mich vom Line Dance und sage \u00f6ffentlich:<\/p>\n                    <p><span style=\"font-weight: 600;\">&#8222;Wir betreiben Solo Dance und keinen Line Dance!&#8220; \ud83d\ude09<\/span><\/p>\n                  <\/div>\n                <\/div>\n              <\/div>\n            <\/div>\n          <\/div>\n          <div class=\"h-column h-column-container d-flex h-col-lg-auto h-col-md-auto h-col-auto style-834-outer style-local-461-c14-outer\">\n            <div data-colibri-id=\"461-c14\" class=\"d-flex h-flex-basis h-column__inner h-px-lg-2 h-px-md-2 h-px-2 v-inner-lg-2 v-inner-md-2 v-inner-2 style-834 style-local-461-c14 position-relative\">\n              <!---->\n              <!---->\n              <div class=\"w-100 h-y-container h-column__content h-column__v-align flex-basis-100 align-self-lg-start align-self-md-start align-self-start\">\n                <!---->\n                <div data-colibri-id=\"461-c15\" class=\"d-block style-835 style-local-461-c15 h-hide-sm position-relative h-element\">\n                  <!---->\n                  <div class=\"h-image__frame-container-outer\">\n                    <div class=\"h-image__frame-container\">\n                      <!---->\n                      <!---->\n                      <img loading=\"lazy\" decoding=\"async\" width=\"480\" height=\"720\" src=\"https:\/\/line-fire.de\/wp-content\/uploads\/2025\/08\/Unbenannt-2.png\" class=\"wp-image-769 style-835-image style-local-461-c15-image\" alt=\"Fotokollage mit Ronnie und Tanzsch\u00fclern\" srcset=\"https:\/\/line-fire.de\/wp-content\/uploads\/2025\/08\/Unbenannt-2.png 480w, https:\/\/line-fire.de\/wp-content\/uploads\/2025\/08\/Unbenannt-2-200x300.png 200w\" sizes=\"auto, (max-width: 480px) 100vw, 480px\" \/>\n                      <div class=\"h-image__frame h-hide-lg h-hide-md h-hide-sm style-835-frameImage style-local-461-c15-frameImage\"><\/div>\n                    <\/div>\n                  <\/div>\n                <\/div>\n              <\/div>\n            <\/div>\n          <\/div>\n        <\/div>\n      <\/div>\n    <\/div>\n  <\/div>\n<\/div>","protected":false},"excerpt":{"rendered":"<p>Informationen f\u00fcr Ultra Beginner Hallo, es freut mich, dass Ihr Euch f\u00fcr einen Beginner Tanzkurs Im Line Dance interessiert. Derzeit l\u00e4uft ein Anf\u00e4ngerkurs Donnerstags um 18 Uhr. Solltet Ihr interessiert sein, ein sp\u00e4terer Einstieg in einen laufenden Kurs ist zu jeder Zeit m\u00f6glich. Ein neuer Anf\u00e4ngerkurs wird gerade geplant. Zeit w\u00fcrde Donnerstags 19:30 Uhr sein. [&hellip;]<\/p>\n","protected":false},"author":2,"featured_media":0,"parent":0,"menu_order":0,"comment_status":"closed","ping_status":"closed","template":"page-templates\/full-width-page.php","meta":{"footnotes":""},"class_list":["post-461","page","type-page","status-publish","hentry"],"_links":{"self":[{"href":"https:\/\/line-fire.de\/index.php?rest_route=\/wp\/v2\/pages\/461","targetHints":{"allow":["GET"]}}],"collection":[{"href":"https:\/\/line-fire.de\/index.php?rest_route=\/wp\/v2\/pages"}],"about":[{"href":"https:\/\/line-fire.de\/index.php?rest_route=\/wp\/v2\/types\/page"}],"author":[{"embeddable":true,"href":"https:\/\/line-fire.de\/index.php?rest_route=\/wp\/v2\/users\/2"}],"replies":[{"embeddable":true,"href":"https:\/\/line-fire.de\/index.php?rest_route=%2Fwp%2Fv2%2Fcomments&post=461"}],"version-history":[{"count":14,"href":"https:\/\/line-fire.de\/index.php?rest_route=\/wp\/v2\/pages\/461\/revisions"}],"predecessor-version":[{"id":8416,"href":"https:\/\/line-fire.de\/index.php?rest_route=\/wp\/v2\/pages\/461\/revisions\/8416"}],"wp:attachment":[{"href":"https:\/\/line-fire.de\/index.php?rest_route=%2Fwp%2Fv2%2Fmedia&parent=461"}],"curies":[{"name":"wp","href":"https:\/\/api.w.org\/{rel}","templated":true}]}}