{"id":451,"date":"2025-08-13T21:43:08","date_gmt":"2025-08-13T19:43:08","guid":{"rendered":"https:\/\/line-fire.de\/?page_id=451"},"modified":"2025-08-21T21:17:30","modified_gmt":"2025-08-21T19:17:30","slug":"was-ist-line-dance","status":"publish","type":"page","link":"https:\/\/line-fire.de\/?page_id=451","title":{"rendered":"Was ist Line Dance"},"content":{"rendered":"<div data-colibri-id=\"451-c1\" class=\"style-693 style-local-451-c1 position-relative\">\n  <!---->\n  <div data-colibri-component=\"section\" data-colibri-id=\"451-c2\" id=\"custom\" class=\"h-section h-section-global-spacing d-flex align-items-lg-center align-items-md-center align-items-center style-698 style-local-451-c2 position-relative\">\n    <!---->\n    <!---->\n    <div class=\"h-section-grid-container h-section-boxed-container\">\n      <!---->\n      <div data-colibri-id=\"451-c3\" class=\"h-row-container gutters-row-lg-2 gutters-row-md-2 gutters-row-0 gutters-row-v-lg-2 gutters-row-v-md-2 gutters-row-v-2 style-699 style-local-451-c3 position-relative\">\n        <!---->\n        <div class=\"h-row justify-content-lg-center justify-content-md-center justify-content-center align-items-lg-stretch align-items-md-stretch align-items-stretch gutters-col-lg-2 gutters-col-md-2 gutters-col-0 gutters-col-v-lg-2 gutters-col-v-md-2 gutters-col-v-2\">\n          <!---->\n          <div class=\"h-column h-column-container d-flex h-col-lg-auto h-col-md-auto h-col-auto style-700-outer style-local-451-c4-outer\">\n            <div data-colibri-id=\"451-c4\" class=\"d-flex h-flex-basis h-column__inner h-px-lg-2 h-px-md-2 h-px-2 v-inner-lg-2 v-inner-md-2 v-inner-2 style-700 style-local-451-c4 position-relative\">\n              <!---->\n              <!---->\n              <div class=\"w-100 h-y-container h-column__content h-column__v-align flex-basis-100 align-self-lg-start align-self-md-start align-self-start\">\n                <!---->\n                <div data-colibri-id=\"451-c5\" class=\"h-global-transition-all h-heading style-703 style-local-451-c5 position-relative h-element\">\n                  <!---->\n                  <div class=\"h-heading__outer style-703 style-local-451-c5\">\n                    <!---->\n                    <!---->\n                    <h3 class=\"\"><span style=\"font-weight: 600; color: rgb(255, 255, 255);\">Was ist Line Dance<\/span><\/h3>\n                  <\/div>\n                <\/div>\n                <div data-colibri-id=\"451-c6\" class=\"h-text h-text-component style-795 style-local-451-c6 position-relative h-element\">\n                  <!---->\n                  <!---->\n                  <div class=\"\">\n                    <p>Laut Wikipedia ist Line Dance&nbsp;ist eine choreografierte Tanzform, bei der einzelne T\u00e4nzer in Reihen vor- und nebeneinander tanzen.<\/p>\n                    <p>Soweit okay und mehr ist auch nicht hinzuzuf\u00fcgen. Es wird n\u00e4mlich nur noch schwammig und die Meinungen gehen stark auseinander. Einige behaupten, Line Dance &#8222;MUSS&#8220; auf Country Musik getanzt werden. Andere sagen dass es eine Kleiderordnung\n                      mit Western Outfit gibt.&nbsp;Das sind jedoch alles Argumente, die keiner Pr\u00fcfung stand halten w\u00fcrden.<\/p>\n                    <p>Line Dance ist vielf\u00e4ltig und man sollte keine Regeln oder Beschr\u00e4nkungen erfinden. Man sollte einfach nur Line Dance tanzen und Spa\u00df haben.<\/p>\n                  <\/div>\n                <\/div>\n                <div data-colibri-id=\"451-c7\" class=\"h-text h-text-component style-796 style-local-451-c7 position-relative h-element\">\n                  <!---->\n                  <!---->\n                  <div class=\"\">\n                    <p>Wer mehr \u00fcber Line Dance und \u00fcber die Geschichte des Line Dance erfahren m\u00f6chte, dem empfehle ich den nachfolgenden Link. Ein sehr guter Bericht von David Powell (Januar 2003) \u00fcbersetzt von Georg Kiesewetter (Regensburg):\n                      <a href=\"https:\/\/www.bootscooters.de\/History%20&amp;%20definition%20of%20linedancing.htm\"\n                        target=\"_blank\" class=\"customize-unpreviewable\" style=\"font-weight: 600;\">\n                        <u>Was ist Linedance?<\/u>\n                      <\/a>\n                    <\/p>\n                  <\/div>\n                <\/div>\n                <div data-colibri-id=\"451-c8\" class=\"h-divider style-919 style-local-451-c8 position-relative h-element\">\n                  <!----><span class=\"h-divider__line style-919-line style-local-451-c8-line style-919-line style-local-451-c8-line\"><\/span> <span class=\"h-svg-icon h-divider__icon style-919-icon style-local-451-c8-icon\"><!--Icon by Font Awesome (https:\/\/fontawesome.com)-->\n    <svg version=\"1.1\" xmlns=\"http:\/\/www.w3.org\/2000\/svg\" xmlns:xlink=\"http:\/\/www.w3.org\/1999\/xlink\" id=\"hand-o-down\" viewBox=\"0 0 1536 1896.0833\">\n      <path d=\"M1408 960q0-84-32-183t-64-194-32-167v-32H640v32q0 35-12 67.5T591 546t-46 50-54 49q-9 8-14 12-81 72-145 112-22 14-68 38-3 1-22.5 10.5t-36 18.5-35.5 20-30.5 21.5T128 896q0 71 30.5 115.5T256 1056q43 0 84.5-15t68-33 55-33 48.5-15v576q0 50 38.5 89t89.5 39q52 0 90-38t38-90v-331q46 35 103 35 69 0 119-53 32 18 69 18t73.5-17.5 52.5-47.5q24 4 56 4 85 0 126-48.5t41-135.5zm-128-768q0-26-19-45t-45-19-45 19-19 45 19 45 45 19 45-19 19-45zm256 764q0 142-77.5 230t-217.5 87l-5-1q-76 61-178 61-22 0-43-3-54 30-119 37v169q0 105-76 180.5T639 1792q-103 0-179-76t-76-180v-374q-54 22-128 22-121 0-188.5-81.5T0 896q0-38 17.5-69.5t49.5-55 63-40.5 72-37 62-33q55-35 129-100 3-2 17-14t21.5-19 21.5-20.5 22.5-24 18-22.5 14-23.5T512 416V128q0-53 37.5-90.5T640 0h640q53 0 90.5 37.5T1408 128v288q0 59 59 223 69 190 69 317z\"><\/path>\n    <\/svg><\/span> <span class=\"h-divider__line style-919-line style-local-451-c8-line style-919-line style-local-451-c8-line\"><\/span><\/div>\n                <div data-colibri-id=\"451-c9\" class=\"h-text h-text-component style-920 style-local-451-c9 position-relative h-element\">\n                  <!---->\n                  <!---->\n                  <div class=\"\">\n                    <p><span style=\"font-weight: 600;\">Die Geschichte des Line Dance &#8230;<\/span><\/p>\n                    <p>&#8230; wird auch oft verbunden mit Mythen und Geschichten von Wild-West Romantik, vom Einfluss europ\u00e4ische Einwanderer in die USA oder mit einsamen M\u00e4nnern in Goldgr\u00e4berst\u00e4dten die ohne anwesende Frauen &#8222;auch mal tanzen wollten&#8220;. Egal\n                      ob 1880 oder heute: Man stelle sich einen Haufen M\u00e4nner unter sich vor. In einem Saloon mit Musik und Alkohol. Damals wie heute: diese M\u00e4nner w\u00fcrden trinken, Karten spielen, sich pr\u00fcgeln oder sonstigen Bl\u00f6dsinn anstellen, aber nicht\n                      tanzen. Au\u00dferdem lie\u00df es die sprichw\u00f6rtliche Pr\u00fcderie der US-Amerikaner nicht zu, dass man (frau) ohne Partner tanzte.<\/p>\n                    <p>Die Wahrheit ist, dass der Line Dance in den 1950ern in den USA entstanden ist. Damals noch sehr z\u00f6gerlich als Ein-bis-Zwei-Schritt-T\u00e4nze zur Rock &#8217;n&#8216; Roll Musik. Die Country Musik der damaligen Zeit war f\u00fcr Line Dancer v\u00f6llig ungeeignet\n                      und nicht tanzbar. In den 70ern fand der Line Dance den Weg in die Diskotheken. Prominentes Beispiel hierf\u00fcr ist der Film &#8222;Saturday Night Fever&#8220; mit John Travolta, der 1977 in die Kinos kam. Falls es Euch interessiert, hier das Video\n                      mit der Line Dance Szene:\n                      <a href=\"https:\/\/www.youtube.com\/watch?v=-m9ZP_tTtLc\" style=\"font-weight: 600;\" target=\"_blank\">\n                        <u>Video<\/u>\n                      <\/a>.<\/p>\n                    <p>Als die Welle in den Diskotheken abebbte, kam ein junger Country Musiker mit dem Namen Billy Ray Cyrus (Vater von Miley Cyrus) auf die Idee, eine E-Gitarre in seine Musik zu integrieren und die Musik rockiger klingen zu lassen. Diese\n                      Musik wird auch heute noch gern als &#8222;New-Country&#8220; bezeichnet. Es war aber nur eine zwangsl\u00e4ufige Weiterentwicklung, da die Umsatzzahlen der Country Musik dramatisch zur\u00fcckgingen. Die Produktionsfirma von Billy Ray beauftragte damals\n                      zus\u00e4tzlich eine Marketingfirma, einen Line Dance auf diesen Titel &#8222;Achy Breaky Heart&#8220; zu schreiben. Der entstandene Tanz war der erste, speziell auf Country Musik geschriebene Line Dance. Er ist heute bekannt unter dem Namen: &#8222;Black\n                      Velvet&#8220; und wird minimal ver\u00e4ndert bis heute als &#8222;Ski Bumpus&#8220; getanzt. Dieses l\u00f6ste einen Mega Boom aus. Viele K\u00fcnstler sprangen auf die Welle auf.<\/p>\n                    <p>In der heutigen Zeit spielt der Line Dance bei den gro\u00dfen Country Interpreten jedoch keine Rolle mehr. Die Country Musik macht derzeit einen Trend durch und wird immer ruhiger, langsamer und l\u00e4\u00dft sich kaum noch mit Schwung tanzen.\n                      Da die Line Dance Szene von st\u00e4ndig neuen T\u00e4nzen und Titeln lebt ist es also zwangsl\u00e4ufig so, dass immer mehr moderne Pop Musik vertanzt wird. Aber es gibt auch die, die an der Country Musik festhalten. Dann aber haupts\u00e4chlich an\n                      den alten Titeln, auch wenn gelegentlich doch gute und tanzbare Country Titel erscheinen.<\/p>\n                    <p>Sehr h\u00e4ufig sieht man heute in Filmen oder bei &#8222;traditionellen&#8220; Country Events einen Line Dance mit dem Namen &#8222;Electric Slide&#8220; oder &#8222;The Electric&#8220;. Dazu noch mit dem Hinweis, dass dieser Tanz schon im Wilden Westen getanzt wurde. Dieses\n                      ist leider nicht wahr! Dieser Tanz wurde geschrieben von Ric Silver im Jahr 1976 anl\u00e4sslich zur Er\u00f6ffnung der &#8222;Vamps&#8220; -Disco auf dem Broadway in New York. Heute hat Ric ein Copyright auf diesen Tanz und hat schon mehrere Leute (auch\n                      aus Deutschland) kostenpflichtig abgemahnt, ihre Videos mit diesem Tanz aus dem Netz zu entfernen. Der &#8222;Electric Slide&#8220; ist weltweit der einzige Line Dance mit einem solchen Copyright.<\/p>\n                    <p>Einerseits finde ich diese Abmahnungen tragisch, andererseits freue ich mich aber dar\u00fcber. Denn nun haben es diese Leute kostenpflichtig und Schwarz auf Wei\u00df, dass ihr Tanz nicht aus dem Wilden Westen kommt!<\/p>\n                  <\/div>\n                <\/div>\n              <\/div>\n            <\/div>\n          <\/div>\n          <div class=\"h-column h-column-container d-flex h-col-lg-auto h-col-md-auto h-col-auto style-701-outer style-local-451-c10-outer\">\n            <div data-colibri-id=\"451-c10\" class=\"d-flex h-flex-basis h-column__inner h-px-lg-2 h-px-md-2 h-px-2 v-inner-lg-2 v-inner-md-2 v-inner-2 style-701 style-local-451-c10 position-relative\">\n              <!---->\n              <!---->\n              <div class=\"w-100 h-y-container h-column__content h-column__v-align flex-basis-100 align-self-lg-start align-self-md-start align-self-start\">\n                <!---->\n                <div data-colibri-id=\"451-c11\" class=\"d-block style-702 style-local-451-c11 h-hide-sm position-relative h-element\">\n                  <!---->\n                  <div class=\"h-image__frame-container-outer\">\n                    <div class=\"h-image__frame-container\">\n                      <!---->\n                      <!---->\n                      <img loading=\"lazy\" decoding=\"async\" width=\"480\" height=\"720\" src=\"https:\/\/line-fire.de\/wp-content\/uploads\/2025\/08\/Unbenannt-2.png\" class=\"wp-image-769 style-702-image style-local-451-c11-image\" alt=\"Fotokollage mit Ronnie und Tanzsch\u00fclern\" srcset=\"https:\/\/line-fire.de\/wp-content\/uploads\/2025\/08\/Unbenannt-2.png 480w, https:\/\/line-fire.de\/wp-content\/uploads\/2025\/08\/Unbenannt-2-200x300.png 200w\" sizes=\"auto, (max-width: 480px) 100vw, 480px\" \/>\n                      <div class=\"h-image__frame h-hide-lg h-hide-md h-hide-sm style-702-frameImage style-local-451-c11-frameImage\"><\/div>\n                    <\/div>\n                  <\/div>\n                <\/div>\n              <\/div>\n            <\/div>\n          <\/div>\n        <\/div>\n      <\/div>\n    <\/div>\n  <\/div>\n<\/div>","protected":false},"excerpt":{"rendered":"<p>Was ist Line Dance Laut Wikipedia ist Line Dance&nbsp;ist eine choreografierte Tanzform, bei der einzelne T\u00e4nzer in Reihen vor- und nebeneinander tanzen. Soweit okay und mehr ist auch nicht hinzuzuf\u00fcgen. Es wird n\u00e4mlich nur noch schwammig und die Meinungen gehen stark auseinander. Einige behaupten, Line Dance &#8222;MUSS&#8220; auf Country Musik getanzt werden. Andere sagen dass [&hellip;]<\/p>\n","protected":false},"author":2,"featured_media":0,"parent":0,"menu_order":0,"comment_status":"closed","ping_status":"closed","template":"page-templates\/full-width-page.php","meta":{"footnotes":""},"class_list":["post-451","page","type-page","status-publish","hentry"],"_links":{"self":[{"href":"https:\/\/line-fire.de\/index.php?rest_route=\/wp\/v2\/pages\/451","targetHints":{"allow":["GET"]}}],"collection":[{"href":"https:\/\/line-fire.de\/index.php?rest_route=\/wp\/v2\/pages"}],"about":[{"href":"https:\/\/line-fire.de\/index.php?rest_route=\/wp\/v2\/types\/page"}],"author":[{"embeddable":true,"href":"https:\/\/line-fire.de\/index.php?rest_route=\/wp\/v2\/users\/2"}],"replies":[{"embeddable":true,"href":"https:\/\/line-fire.de\/index.php?rest_route=%2Fwp%2Fv2%2Fcomments&post=451"}],"version-history":[{"count":7,"href":"https:\/\/line-fire.de\/index.php?rest_route=\/wp\/v2\/pages\/451\/revisions"}],"predecessor-version":[{"id":3186,"href":"https:\/\/line-fire.de\/index.php?rest_route=\/wp\/v2\/pages\/451\/revisions\/3186"}],"wp:attachment":[{"href":"https:\/\/line-fire.de\/index.php?rest_route=%2Fwp%2Fv2%2Fmedia&parent=451"}],"curies":[{"name":"wp","href":"https:\/\/api.w.org\/{rel}","templated":true}]}}