{"id":418,"date":"2025-08-13T21:06:49","date_gmt":"2025-08-13T19:06:49","guid":{"rendered":"https:\/\/line-fire.de\/?page_id=418"},"modified":"2026-05-04T07:53:50","modified_gmt":"2026-05-04T05:53:50","slug":"main-2","status":"publish","type":"page","link":"https:\/\/line-fire.de\/","title":{"rendered":"Home"},"content":{"rendered":"<div data-colibri-id=\"418-c1\" class=\"style-316 style-local-418-c1 position-relative\">\n  <!---->\n  <div data-colibri-component=\"section\" data-colibri-id=\"418-c2\" id=\"initial-content\" class=\"h-section h-section-global-spacing d-flex align-items-lg-center align-items-md-center align-items-center style-317 style-local-418-c2 position-relative\">\n    <!---->\n    <!---->\n    <div class=\"h-section-grid-container h-section-boxed-container\">\n      <!---->\n      <div data-colibri-id=\"418-c3\" class=\"h-row-container gutters-row-lg-2 gutters-row-md-2 gutters-row-0 gutters-row-v-lg-2 gutters-row-v-md-2 gutters-row-v-2 style-342 style-local-418-c3 position-relative\">\n        <!---->\n        <div class=\"h-row justify-content-lg-center justify-content-md-center justify-content-center align-items-lg-stretch align-items-md-stretch align-items-stretch gutters-col-lg-2 gutters-col-md-2 gutters-col-0 gutters-col-v-lg-2 gutters-col-v-md-2 gutters-col-v-2\">\n          <!---->\n          <div class=\"h-column h-column-container d-flex h-col-lg-auto h-col-md-auto h-col-auto style-343-outer style-local-418-c4-outer\">\n            <div data-colibri-id=\"418-c4\" class=\"d-flex h-flex-basis h-column__inner h-px-lg-2 h-px-md-2 h-px-2 v-inner-lg-2 v-inner-md-2 v-inner-2 style-343 style-local-418-c4 position-relative\">\n              <!---->\n              <!---->\n              <div class=\"w-100 h-y-container h-column__content h-column__v-align flex-basis-100 align-self-lg-start align-self-md-start align-self-start\">\n                <!---->\n                <div data-colibri-id=\"418-c5\" class=\"style-347 style-local-418-c5 position-relative h-element\">\n                  <!---->\n                <\/div>\n                <div data-colibri-id=\"418-c6\" class=\"h-global-transition-all h-heading style-344 style-local-418-c6 position-relative h-element\">\n                  <!---->\n                  <div class=\"h-heading__outer style-344 style-local-418-c6\">\n                    <!---->\n                    <!---->\n                    <h2 class=\"\"><span style=\"color: rgb(255, 255, 255); font-weight: 600;\">Herzlich Willkommen auf Line-Fire.de<\/span><\/h2>\n                  <\/div>\n                <\/div>\n              <\/div>\n            <\/div>\n          <\/div>\n        <\/div>\n      <\/div>\n      <div data-colibri-id=\"418-c7\" class=\"h-row-container gutters-row-lg-0 gutters-row-md-0 gutters-row-0 gutters-row-v-lg-0 gutters-row-v-md-0 gutters-row-v-0 style-339 style-local-418-c7 position-relative\">\n        <!---->\n        <div class=\"h-row justify-content-lg-center justify-content-md-center justify-content-center align-items-lg-stretch align-items-md-stretch align-items-stretch gutters-col-lg-0 gutters-col-md-0 gutters-col-0 gutters-col-v-lg-0 gutters-col-v-md-0 gutters-col-v-0\">\n          <!---->\n          <div class=\"h-column h-column-container d-flex h-col-lg-auto h-col-md-auto h-col-auto style-340-outer style-local-418-c8-outer\">\n            <div data-colibri-id=\"418-c8\" class=\"d-flex h-flex-basis h-column__inner h-px-lg-2 h-px-md-2 h-px-2 v-inner-lg-2 v-inner-md-2 v-inner-2 style-340 style-local-418-c8 position-relative\">\n              <!---->\n              <!---->\n              <div class=\"w-100 h-y-container h-column__content h-column__v-align flex-basis-100 align-self-lg-center align-self-md-center align-self-center\">\n                <!---->\n                <div data-colibri-id=\"418-c9\" class=\"h-text h-text-component style-341 style-local-418-c9 position-relative h-element\">\n                  <!---->\n                  <!---->\n                  <div class=\"\">\n                    <p><span style=\"font-size: 100%; font-weight: 600;\">Hallo,<\/span><\/p>\n                    <p><span style=\"font-size: 100%; font-weight: 600;\">Sch\u00f6n, dass Du uns gefunden hast. Hier findest Du alles zum Thema SOLO- und Line Dance lernen und tanzen mit Ronnie Grabs in Berlin Marzahn-Hellersdorf &#8230; und nat\u00fcrlich noch viel mehr &#8230;<\/span><\/p>\n                    <p><span style=\"font-size: 98%; font-weight: 600;\">Wei\u00dft Du nicht, was Line Dance ist bzw. sein kann oder bist Du ein Line Dance Neuling? Dann findest Du hier spezielle Informationen f\u00fcr Dich.<\/span><\/p>\n                    <p><span style=\"font-size: 100%; font-weight: 600;\">Egal welchen Alters oder Niveau, bei uns sind Alle gleich! Ob Du zu Country Festivals fahren, zu Line Dance Partys gehen oder zu internationalen Turnieren fliegen m\u00f6chtest, bei uns lernst Du die T\u00e4nze, die Du \u00fcberall auf der Welt mittanzen kannst! Also warum woanders hingehen, wenn Du bei uns von Anfang an Line Dance richtig lernen kannst?! Mit Haltung, sauberen Schritten und dazu noch mit viel Spa\u00df &#8230;?! Glaub&#8216; es oder nicht, aber die allermeisten T\u00e4nzer aus unseren Kursen werden es Dir best\u00e4tigen, dass wer mit Haltung und sauberen Schritten tanzen kann, viel mehr Spa\u00df und Freude am Tanzen hat.<\/span><\/p>\n                  <\/div>\n                <\/div>\n              <\/div>\n            <\/div>\n          <\/div>\n          <div class=\"h-column h-column-container d-flex h-col-lg-auto h-col-md-auto h-col-auto style-4309-outer style-local-418-c10-outer\">\n            <div data-colibri-id=\"418-c10\" class=\"d-flex h-flex-basis h-column__inner h-px-lg-0 h-px-md-0 h-px-0 v-inner-lg-0 v-inner-md-0 v-inner-0 style-4309 style-local-418-c10 position-relative\">\n              <!---->\n              <!---->\n              <div class=\"w-100 h-y-container h-column__content h-column__v-align flex-basis-100 align-self-lg-start align-self-md-start align-self-start\">\n                <!---->\n                <div data-colibri-id=\"418-c11\" class=\"h-text h-text-component style-4310 style-local-418-c11 position-relative h-element\">\n                  <!---->\n                  <!---->\n                  <div class=\"\">\n                    <p><em style=\"font-weight: 600; color: rgb(32, 42, 84); font-size: 16px; font-family: &quot;Open Sans&quot;;\">Letzte Neuigkeiten:<\/em><\/p>\n                  <\/div>\n                <\/div>\n                <div data-colibri-id=\"418-c12\" class=\"h-text h-text-component style-4311 style-local-418-c12 position-relative h-element\">\n                  <!---->\n                  <!---->\n                  <div class=\"\">\n                    <p>\n                      <br>\n                    <\/p>\n                    <p><span style=\"font-size: 85%;\"> <\/span><\/p>\n                    <p>\n                      <br>\n                    <\/p>\n                    <p>\n                      <br>\n                    <\/p>\n                    <p>\n                      <br>\n                    <\/p>\n                    <ul>\n                      <li><span style=\"font-size: 85%;\">am Freitag, 8 Mai 2026, ist Line Dance Party.<\/span><\/li>\n                      <li><span style=\"font-size: 85%;\">hier die vorl\u00e4ufige <\/span>\n                        <a href=\"https:\/\/line-fire.de\/wp-content\/uploads\/2026\/04\/Playliste-1.pdf\" style=\"font-size: 85%; font-weight: 800;\" target=\"_blank\" class=\"customize-unpreviewable\"><strong>Playliste<\/strong><\/a><span style=\"font-size: 85%;\">&nbsp;(Update 27.4.) f\u00fcr die Party am 8. Mai. \u00c4nderungen sind m\u00f6glich, lasst es mich wissen, wenn ihr etwas vermisst.<\/span><\/li>\n                      <li><span style=\"font-size: 85%;\">2 m\u00f6gliche neue Party Termine: 12. Juni, 10. Juli. Wir sprechen in den Kursen dar\u00fcber.<\/span><\/li>\n                    <\/ul>\n                    <p>\n                      <br>\n                    <\/p>\n                    <p>\n                      <br>\n                    <\/p>\n                    <p>\n                      <br>\n                    <\/p>\n                    <p><span style=\"font-size: 85%;\">\ufeff<\/span><\/p>\n                    <p>\n                      <br>\n                    <\/p>\n                    <p>\n                      <br>\n                    <\/p>\n                  <\/div>\n                <\/div>\n              <\/div>\n            <\/div>\n          <\/div>\n        <\/div>\n      <\/div>\n    <\/div>\n  <\/div>\n<\/div>","protected":false},"excerpt":{"rendered":"<p>Herzlich Willkommen auf Line-Fire.de Hallo, Sch\u00f6n, dass Du uns gefunden hast. Hier findest Du alles zum Thema SOLO- und Line Dance lernen und tanzen mit Ronnie Grabs in Berlin Marzahn-Hellersdorf &#8230; und nat\u00fcrlich noch viel mehr &#8230; Wei\u00dft Du nicht, was Line Dance ist bzw. sein kann oder bist Du ein Line Dance Neuling? Dann [&hellip;]<\/p>\n","protected":false},"author":2,"featured_media":0,"parent":0,"menu_order":0,"comment_status":"closed","ping_status":"closed","template":"page-templates\/full-width-page.php","meta":{"footnotes":""},"class_list":["post-418","page","type-page","status-publish","hentry"],"_links":{"self":[{"href":"https:\/\/line-fire.de\/index.php?rest_route=\/wp\/v2\/pages\/418","targetHints":{"allow":["GET"]}}],"collection":[{"href":"https:\/\/line-fire.de\/index.php?rest_route=\/wp\/v2\/pages"}],"about":[{"href":"https:\/\/line-fire.de\/index.php?rest_route=\/wp\/v2\/types\/page"}],"author":[{"embeddable":true,"href":"https:\/\/line-fire.de\/index.php?rest_route=\/wp\/v2\/users\/2"}],"replies":[{"embeddable":true,"href":"https:\/\/line-fire.de\/index.php?rest_route=%2Fwp%2Fv2%2Fcomments&post=418"}],"version-history":[{"count":20,"href":"https:\/\/line-fire.de\/index.php?rest_route=\/wp\/v2\/pages\/418\/revisions"}],"predecessor-version":[{"id":9715,"href":"https:\/\/line-fire.de\/index.php?rest_route=\/wp\/v2\/pages\/418\/revisions\/9715"}],"wp:attachment":[{"href":"https:\/\/line-fire.de\/index.php?rest_route=%2Fwp%2Fv2%2Fmedia&parent=418"}],"curies":[{"name":"wp","href":"https:\/\/api.w.org\/{rel}","templated":true}]}}