{"id":2642,"date":"2025-08-18T12:51:15","date_gmt":"2025-08-18T10:51:15","guid":{"rendered":"https:\/\/line-fire.de\/?page_id=2642"},"modified":"2025-08-31T15:20:52","modified_gmt":"2025-08-31T13:20:52","slug":"agb","status":"publish","type":"page","link":"https:\/\/line-fire.de\/?page_id=2642","title":{"rendered":"AGB"},"content":{"rendered":"<div data-colibri-id=\"2642-c1\" class=\"style-1636 style-local-2642-c1 position-relative\">\n  <!---->\n  <div data-colibri-component=\"section\" data-colibri-id=\"2642-c15\" id=\"custom\" class=\"h-section h-section-global-spacing d-flex align-items-lg-center align-items-md-center align-items-center style-1650 style-local-2642-c15 position-relative\">\n    <!---->\n    <!---->\n    <div class=\"h-section-grid-container h-section-boxed-container\">\n      <!---->\n      <div data-colibri-id=\"2642-c16\" class=\"h-row-container gutters-row-lg-0 gutters-row-md-0 gutters-row-0 gutters-row-v-lg-0 gutters-row-v-md-0 gutters-row-v-0 style-1651 style-local-2642-c16 position-relative\">\n        <!---->\n        <div class=\"h-row justify-content-lg-center justify-content-md-center justify-content-center align-items-lg-stretch align-items-md-stretch align-items-stretch gutters-col-lg-0 gutters-col-md-0 gutters-col-0 gutters-col-v-lg-0 gutters-col-v-md-0 gutters-col-v-0\">\n          <!---->\n          <div class=\"h-column h-column-container d-flex h-col-lg-auto h-col-md-auto h-col-auto style-1652-outer style-local-2642-c17-outer\">\n            <div data-colibri-id=\"2642-c17\" class=\"d-flex h-flex-basis h-column__inner h-px-lg-2 h-px-md-2 h-px-2 v-inner-lg-2 v-inner-md-2 v-inner-2 style-1652 style-local-2642-c17 position-relative\">\n              <!---->\n              <!---->\n              <div class=\"w-100 h-y-container h-column__content h-column__v-align flex-basis-100 align-self-lg-start align-self-md-start align-self-start\">\n                <!---->\n                <div data-colibri-id=\"2642-c18\" class=\"h-global-transition-all h-heading style-1653 style-local-2642-c18 position-relative h-element\">\n                  <!---->\n                  <div class=\"h-heading__outer style-1653 style-local-2642-c18\">\n                    <!---->\n                    <!---->\n                    <h3 class=\"\"><span style=\"font-weight: 600; color: rgb(255, 255, 255);\">AGB&#8217;s f\u00fcr das Member Center<\/span><\/h3>\n                  <\/div>\n                <\/div>\n                <div data-colibri-id=\"2642-c19\" class=\"h-text h-text-component style-1654 style-local-2642-c19 position-relative h-element\">\n                  <!---->\n                  <!---->\n                  <div class=\"\">\n                    <ul>\n                      <li>Als Nutzer des Member Center erkl\u00e4rst Du dich bereit, die Inhalte nicht \u00f6ffentlich zu teilen.<\/li>\n                      <li>Die PDF&#8217;s im Tanzarchiv sind von mir \u00fcbersetzt. Dabei habe ich teilweise einige Formulierungen umgeschrieben bzw. die Beschreibung der Schritte &#8222;angepasst&#8220;, um sie leicher verst\u00e4ndlich zu machen. Au\u00dferdem habe ich eigene pers\u00f6nliche\n                        Tipps mit eingebaut. Damit sind diese Tanzbeschreibungen nicht mehr Original. Das Weiterleiten oder Verteilen der Tanzbeschreibungen aus dem Member Center ist nicht gestattet!<\/li>\n                      <li>Das Kursplan Archiv dient nur der Einsichtnahme und ist keine Vorlage f\u00fcr Kollegen oder Vereine. Eine Weiterleitung ist nicht gestattet!<\/li>\n                      <li>Die DTSA T\u00e4nze Liste und die enthaltenen PDF&#8217;s sind nur f\u00fcr unsere DTSA-Abnahmen gedacht. Sie k\u00f6nnen auch als Inspiration f\u00fcr befreundete Vereine bzw. Tanzlehrer dienen. Eine Weiterleitung oder Nutzung bedarf unserer Genehmigung.<\/li>\n                      <li>Die Live Stream Links sind direkt verlinkt. Also wenn ein Stream l\u00e4uft, k\u00f6nnte man den auch hier auf der Seite sehen. F\u00fcr eine Weiterleitung ist nur Copy &amp; Paste der URL zul\u00e4ssig.<\/li>\n                    <\/ul>\n                    <p>\n                      <br>\n                    <\/p>\n                  <\/div>\n                <\/div>\n              <\/div>\n            <\/div>\n          <\/div>\n        <\/div>\n      <\/div>\n    <\/div>\n  <\/div>\n<\/div>","protected":false},"excerpt":{"rendered":"<p>AGB&#8217;s f\u00fcr das Member Center Als Nutzer des Member Center erkl\u00e4rst Du dich bereit, die Inhalte nicht \u00f6ffentlich zu teilen. Die PDF&#8217;s im Tanzarchiv sind von mir \u00fcbersetzt. Dabei habe ich teilweise einige Formulierungen umgeschrieben bzw. die Beschreibung der Schritte &#8222;angepasst&#8220;, um sie leicher verst\u00e4ndlich zu machen. Au\u00dferdem habe ich eigene pers\u00f6nliche Tipps mit eingebaut. [&hellip;]<\/p>\n","protected":false},"author":2,"featured_media":0,"parent":0,"menu_order":0,"comment_status":"closed","ping_status":"closed","template":"page-templates\/full-width-page.php","meta":{"footnotes":""},"class_list":["post-2642","page","type-page","status-publish","hentry"],"_links":{"self":[{"href":"https:\/\/line-fire.de\/index.php?rest_route=\/wp\/v2\/pages\/2642","targetHints":{"allow":["GET"]}}],"collection":[{"href":"https:\/\/line-fire.de\/index.php?rest_route=\/wp\/v2\/pages"}],"about":[{"href":"https:\/\/line-fire.de\/index.php?rest_route=\/wp\/v2\/types\/page"}],"author":[{"embeddable":true,"href":"https:\/\/line-fire.de\/index.php?rest_route=\/wp\/v2\/users\/2"}],"replies":[{"embeddable":true,"href":"https:\/\/line-fire.de\/index.php?rest_route=%2Fwp%2Fv2%2Fcomments&post=2642"}],"version-history":[{"count":11,"href":"https:\/\/line-fire.de\/index.php?rest_route=\/wp\/v2\/pages\/2642\/revisions"}],"predecessor-version":[{"id":7886,"href":"https:\/\/line-fire.de\/index.php?rest_route=\/wp\/v2\/pages\/2642\/revisions\/7886"}],"wp:attachment":[{"href":"https:\/\/line-fire.de\/index.php?rest_route=%2Fwp%2Fv2%2Fmedia&parent=2642"}],"curies":[{"name":"wp","href":"https:\/\/api.w.org\/{rel}","templated":true}]}}